{"id":31,"date":"2018-02-15T15:14:44","date_gmt":"2018-02-15T20:14:44","guid":{"rendered":"http:\/\/comairco.com\/?page_id=31"},"modified":"2021-06-30T15:37:15","modified_gmt":"2021-06-30T19:37:15","slug":"usages","status":"publish","type":"page","link":"https:\/\/comairco.com\/fr\/usages\/","title":{"rendered":"Usag\u00e9s"},"content":{"rendered":"<h1>\u00c9QUIPEMENTS <strong>USAG\u00c9S<\/strong><\/h1>\n<p>Nous avons une gamme vari\u00e9e de compresseurs d\u2019air, de s\u00e9cheurs d\u2019air, de r\u00e9servoirs, de station mobile con\u00e7ue pour l\u2019ext\u00e9rieur pour vos compresseurs d\u2019air et autres produits usag\u00e9s \u00e0 votre disposition dans le but de vous aider en cas d\u2019urgence.\u00a0COMAIRCO est la r\u00e9f\u00e9rence en compresseurs usag\u00e9s. Faites appel \u00e0 nos experts pour l&rsquo;achat de votre prochain compresseur usag\u00e9!<\/p>\n","protected":false},"excerpt":{"rendered":"<p>\u00c9QUIPEMENTS USAG\u00c9S Nous avons une gamme vari\u00e9e de compresseurs d\u2019air, de s\u00e9cheurs d\u2019air, de r\u00e9servoirs, de station mobile con\u00e7ue pour l\u2019ext\u00e9rieur pour vos compresseurs d\u2019air et autres produits usag\u00e9s \u00e0 votre disposition dans le but de vous aider en cas d\u2019urgence.\u00a0COMAIRCO est la r\u00e9f\u00e9rence en compresseurs usag\u00e9s. Faites appel \u00e0 nos experts pour l&rsquo;achat de [&hellip;]<\/p>\n","protected":false},"author":1,"featured_media":154,"parent":0,"menu_order":0,"comment_status":"closed","ping_status":"closed","template":"template-usages.php","meta":{"_acf_changed":false,"footnotes":""},"class_list":["post-31","page","type-page","status-publish","has-post-thumbnail","hentry"],"acf":[],"_links":{"self":[{"href":"https:\/\/comairco.com\/fr\/wp-json\/wp\/v2\/pages\/31","targetHints":{"allow":["GET"]}}],"collection":[{"href":"https:\/\/comairco.com\/fr\/wp-json\/wp\/v2\/pages"}],"about":[{"href":"https:\/\/comairco.com\/fr\/wp-json\/wp\/v2\/types\/page"}],"author":[{"embeddable":true,"href":"https:\/\/comairco.com\/fr\/wp-json\/wp\/v2\/users\/1"}],"replies":[{"embeddable":true,"href":"https:\/\/comairco.com\/fr\/wp-json\/wp\/v2\/comments?post=31"}],"version-history":[{"count":0,"href":"https:\/\/comairco.com\/fr\/wp-json\/wp\/v2\/pages\/31\/revisions"}],"wp:featuredmedia":[{"embeddable":true,"href":"https:\/\/comairco.com\/fr\/wp-json\/wp\/v2\/media\/154"}],"wp:attachment":[{"href":"https:\/\/comairco.com\/fr\/wp-json\/wp\/v2\/media?parent=31"}],"curies":[{"name":"wp","href":"https:\/\/api.w.org\/{rel}","templated":true}]}}