{"id":30,"date":"2018-02-15T15:14:06","date_gmt":"2018-02-15T20:14:06","guid":{"rendered":"http:\/\/comairco.com\/?page_id=30"},"modified":"2021-06-25T14:59:31","modified_gmt":"2021-06-25T18:59:31","slug":"services-techniques","status":"publish","type":"page","link":"https:\/\/comairco.com\/fr\/services-techniques\/","title":{"rendered":"Services techniques"},"content":{"rendered":"<h1>SERVICES<strong> TECHNIQUES<\/strong><\/h1>\n<p>COMAIRCO offre un service d\u2019urgence et de r\u00e9paration, disponible 24 h sur 24 h et 7 jours sur 7. Nos techniciens fournissent un service adapt\u00e9 jours et nuit pour effectuer l&rsquo;installation air comprim\u00e9, l&rsquo;entretien air comprim\u00e9, la maintenance air comprim\u00e9 ou la r\u00e9paration de vos \u00e9quipements d\u2019air comprim\u00e9.<\/p>\n","protected":false},"excerpt":{"rendered":"<p>SERVICES TECHNIQUES COMAIRCO offre un service d\u2019urgence et de r\u00e9paration, disponible 24 h sur 24 h et 7 jours sur 7. Nos techniciens fournissent un service adapt\u00e9 jours et nuit pour effectuer l&rsquo;installation air comprim\u00e9, l&rsquo;entretien air comprim\u00e9, la maintenance air comprim\u00e9 ou la r\u00e9paration de vos \u00e9quipements d\u2019air comprim\u00e9.<\/p>\n","protected":false},"author":1,"featured_media":155,"parent":0,"menu_order":0,"comment_status":"closed","ping_status":"closed","template":"template-service-technique.php","meta":{"_acf_changed":false,"footnotes":""},"class_list":["post-30","page","type-page","status-publish","has-post-thumbnail","hentry"],"acf":[],"_links":{"self":[{"href":"https:\/\/comairco.com\/fr\/wp-json\/wp\/v2\/pages\/30","targetHints":{"allow":["GET"]}}],"collection":[{"href":"https:\/\/comairco.com\/fr\/wp-json\/wp\/v2\/pages"}],"about":[{"href":"https:\/\/comairco.com\/fr\/wp-json\/wp\/v2\/types\/page"}],"author":[{"embeddable":true,"href":"https:\/\/comairco.com\/fr\/wp-json\/wp\/v2\/users\/1"}],"replies":[{"embeddable":true,"href":"https:\/\/comairco.com\/fr\/wp-json\/wp\/v2\/comments?post=30"}],"version-history":[{"count":0,"href":"https:\/\/comairco.com\/fr\/wp-json\/wp\/v2\/pages\/30\/revisions"}],"wp:featuredmedia":[{"embeddable":true,"href":"https:\/\/comairco.com\/fr\/wp-json\/wp\/v2\/media\/155"}],"wp:attachment":[{"href":"https:\/\/comairco.com\/fr\/wp-json\/wp\/v2\/media?parent=30"}],"curies":[{"name":"wp","href":"https:\/\/api.w.org\/{rel}","templated":true}]}}