{"id":29,"date":"2018-02-15T15:13:39","date_gmt":"2018-02-15T20:13:39","guid":{"rendered":"http:\/\/comairco.com\/?page_id=29"},"modified":"2018-04-06T09:18:42","modified_gmt":"2018-04-06T13:18:42","slug":"autres-produits","status":"publish","type":"page","link":"https:\/\/comairco.com\/fr\/autres-produits\/","title":{"rendered":"Autres produits"},"content":{"rendered":"<h1>Autres <strong>produits<\/strong><\/h1>\n<p>Station portative d&rsquo;air comprim\u00e9, g\u00e9n\u00e9rateurs d&rsquo;azote, s\u00e9cheurs d&rsquo;air, pompes \u00e0 vide, r\u00e9seau d&rsquo;air, outil pneumatique, pi\u00e8ces et accessoires<\/p>\n","protected":false},"excerpt":{"rendered":"<p>Autres produits Station portative d&rsquo;air comprim\u00e9, g\u00e9n\u00e9rateurs d&rsquo;azote, s\u00e9cheurs d&rsquo;air, pompes \u00e0 vide, r\u00e9seau d&rsquo;air, outil pneumatique, pi\u00e8ces et accessoires<\/p>\n","protected":false},"author":1,"featured_media":209,"parent":0,"menu_order":0,"comment_status":"closed","ping_status":"closed","template":"template-autres-produits.php","meta":{"_acf_changed":false,"footnotes":""},"class_list":["post-29","page","type-page","status-publish","has-post-thumbnail","hentry"],"acf":[],"_links":{"self":[{"href":"https:\/\/comairco.com\/fr\/wp-json\/wp\/v2\/pages\/29","targetHints":{"allow":["GET"]}}],"collection":[{"href":"https:\/\/comairco.com\/fr\/wp-json\/wp\/v2\/pages"}],"about":[{"href":"https:\/\/comairco.com\/fr\/wp-json\/wp\/v2\/types\/page"}],"author":[{"embeddable":true,"href":"https:\/\/comairco.com\/fr\/wp-json\/wp\/v2\/users\/1"}],"replies":[{"embeddable":true,"href":"https:\/\/comairco.com\/fr\/wp-json\/wp\/v2\/comments?post=29"}],"version-history":[{"count":0,"href":"https:\/\/comairco.com\/fr\/wp-json\/wp\/v2\/pages\/29\/revisions"}],"wp:featuredmedia":[{"embeddable":true,"href":"https:\/\/comairco.com\/fr\/wp-json\/wp\/v2\/media\/209"}],"wp:attachment":[{"href":"https:\/\/comairco.com\/fr\/wp-json\/wp\/v2\/media?parent=29"}],"curies":[{"name":"wp","href":"https:\/\/api.w.org\/{rel}","templated":true}]}}