{"id":28,"date":"2018-02-15T15:13:20","date_gmt":"2018-02-15T20:13:20","guid":{"rendered":"http:\/\/comairco.com\/?page_id=28"},"modified":"2026-02-09T15:24:15","modified_gmt":"2026-02-09T20:24:15","slug":"compresseurs","status":"publish","type":"page","link":"https:\/\/comairco.com\/fr\/compresseurs\/","title":{"rendered":"Compresseurs"},"content":{"rendered":"<h1>COMPRESSEURS <strong>INDUSTRIELS<\/strong><\/h1>\n<p>Gr\u00e2ce \u00e0 son expertise de plus de 50 ans, Comairco s\u2019y conna\u00eet mieux que personne en Am\u00e9rique du Nord en mati\u00e8re de compresseurs \u00e0 air industriels et commerciaux. Laissez-nous vous guider pour le choix de votre prochain compresseur d&rsquo;air!<\/p>\n","protected":false},"excerpt":{"rendered":"<p>COMPRESSEURS INDUSTRIELS Gr\u00e2ce \u00e0 son expertise de plus de 50 ans, Comairco s\u2019y conna\u00eet mieux que personne en Am\u00e9rique du Nord en mati\u00e8re de compresseurs \u00e0 air industriels et commerciaux. Laissez-nous vous guider pour le choix de votre prochain compresseur d&rsquo;air!<\/p>\n","protected":false},"author":1,"featured_media":910,"parent":0,"menu_order":0,"comment_status":"closed","ping_status":"closed","template":"template-compresseurs.php","meta":{"_acf_changed":false,"footnotes":""},"class_list":["post-28","page","type-page","status-publish","has-post-thumbnail","hentry"],"acf":[],"_links":{"self":[{"href":"https:\/\/comairco.com\/fr\/wp-json\/wp\/v2\/pages\/28","targetHints":{"allow":["GET"]}}],"collection":[{"href":"https:\/\/comairco.com\/fr\/wp-json\/wp\/v2\/pages"}],"about":[{"href":"https:\/\/comairco.com\/fr\/wp-json\/wp\/v2\/types\/page"}],"author":[{"embeddable":true,"href":"https:\/\/comairco.com\/fr\/wp-json\/wp\/v2\/users\/1"}],"replies":[{"embeddable":true,"href":"https:\/\/comairco.com\/fr\/wp-json\/wp\/v2\/comments?post=28"}],"version-history":[{"count":0,"href":"https:\/\/comairco.com\/fr\/wp-json\/wp\/v2\/pages\/28\/revisions"}],"wp:featuredmedia":[{"embeddable":true,"href":"https:\/\/comairco.com\/fr\/wp-json\/wp\/v2\/media\/910"}],"wp:attachment":[{"href":"https:\/\/comairco.com\/fr\/wp-json\/wp\/v2\/media?parent=28"}],"curies":[{"name":"wp","href":"https:\/\/api.w.org\/{rel}","templated":true}]}}